{"id":2174,"date":"2015-05-19T21:53:19","date_gmt":"2015-05-19T20:53:19","guid":{"rendered":"http:\/\/ates.si\/en\/zaposleni\/"},"modified":"2016-06-23T11:14:59","modified_gmt":"2016-06-23T09:14:59","slug":"employees","status":"publish","type":"page","link":"https:\/\/ates.si\/en\/employees\/","title":{"rendered":"Employees"},"content":{"rendered":"<div class=\"wpb-content-wrapper\"><p>[vc_row][vc_column][vc_text_separator title=&#8221;Management&#8221;]    \n    \n    \n        <div class=\"space-bottom-large  team-1\">\n        \n            \n<div class=\"col-sm-4\">\n\t<div class=\"team-1-member\">\n\t\t<div class=\"ebor-team-1-image\">\n\t\t\t<img loading=\"lazy\" decoding=\"async\" width=\"172\" height=\"172\" src=\"https:\/\/ates.si\/wp-content\/uploads\/2014\/09\/bojan_marcic-172x172.jpg\" class=\"attachment-team-small size-team-small wp-post-image\" alt=\"\" srcset=\"https:\/\/ates.si\/wp-content\/uploads\/2014\/09\/bojan_marcic-172x172.jpg 172w, https:\/\/ates.si\/wp-content\/uploads\/2014\/09\/bojan_marcic-150x150.jpg 150w, https:\/\/ates.si\/wp-content\/uploads\/2014\/09\/bojan_marcic-60x60.jpg 60w, https:\/\/ates.si\/wp-content\/uploads\/2014\/09\/bojan_marcic.jpg 300w\" sizes=\"auto, (max-width: 172px) 100vw, 172px\" \/>\t\t<\/div>\n\t\t<h2><a href=\"https:\/\/ates.si\/en\/team\/mag-bojan-marcic\/\">mag. Bojan Mar\u010di\u010d u.d.i.e<\/a><\/h2><h5>Director<\/h5><div class=\"space-top-small\"><\/div>\t<\/div><!--end of team member-->\n<\/div>\n<div class=\"col-sm-4\">\n\t<div class=\"team-1-member\">\n\t\t<div class=\"ebor-team-1-image\">\n\t\t\t<img loading=\"lazy\" decoding=\"async\" width=\"172\" height=\"172\" src=\"https:\/\/ates.si\/wp-content\/uploads\/2014\/09\/team-large-1-172x172.jpg\" class=\"attachment-team-small size-team-small wp-post-image\" alt=\"\" srcset=\"https:\/\/ates.si\/wp-content\/uploads\/2014\/09\/team-large-1-172x172.jpg 172w, https:\/\/ates.si\/wp-content\/uploads\/2014\/09\/team-large-1-150x150.jpg 150w, https:\/\/ates.si\/wp-content\/uploads\/2014\/09\/team-large-1-300x300.jpg 300w, https:\/\/ates.si\/wp-content\/uploads\/2014\/09\/team-large-1-60x60.jpg 60w, https:\/\/ates.si\/wp-content\/uploads\/2014\/09\/team-large-1.jpg 395w\" sizes=\"auto, (max-width: 172px) 100vw, 172px\" \/>\t\t<\/div>\n\t\t<h2><a href=\"https:\/\/ates.si\/en\/team\/mag-darjan-gradisnik-u-d-i-e\/\">mag. Darjan Gradi\u0161nik, u.d.i.e.<\/a><\/h2><h5>Development and Energetics Division Director<\/h5><div class=\"space-top-small\"><\/div>\t<\/div><!--end of team member-->\n<\/div>\n<div class=\"col-sm-4\">\n\t<div class=\"team-1-member\">\n\t\t<div class=\"ebor-team-1-image\">\n\t\t\t<img loading=\"lazy\" decoding=\"async\" width=\"172\" height=\"172\" src=\"https:\/\/ates.si\/wp-content\/uploads\/2014\/09\/team-large-1-172x172.jpg\" class=\"attachment-team-small size-team-small wp-post-image\" alt=\"\" srcset=\"https:\/\/ates.si\/wp-content\/uploads\/2014\/09\/team-large-1-172x172.jpg 172w, https:\/\/ates.si\/wp-content\/uploads\/2014\/09\/team-large-1-150x150.jpg 150w, https:\/\/ates.si\/wp-content\/uploads\/2014\/09\/team-large-1-300x300.jpg 300w, https:\/\/ates.si\/wp-content\/uploads\/2014\/09\/team-large-1-60x60.jpg 60w, https:\/\/ates.si\/wp-content\/uploads\/2014\/09\/team-large-1.jpg 395w\" sizes=\"auto, (max-width: 172px) 100vw, 172px\" \/>\t\t<\/div>\n\t\t<h2><a href=\"https:\/\/ates.si\/en\/team\/igor_justinek\/\">Igor Justinek, u.d.i.e.<\/a><\/h2><h5>Tehni\u010dni vodja dru\u017ebe<\/h5><div class=\"space-top-small\"><\/div>\t<\/div><!--end of team member-->\n<\/div><div class=\"clearfix\"><\/div>        \n        <\/div>\n    \n\n                \n[\/vc_column][vc_column][vc_text_separator title=&#8221;Design&#8221;]    \n    \n            \n        <div class=\"team-1\">\n                \n<div class=\"col-sm-4 col-md-3\">\n\t<div class=\"team-1-member\">\n\t\t\n\t\t<div class=\"ebor-team-1-image\">\n\t\t\t<img loading=\"lazy\" decoding=\"async\" width=\"172\" height=\"172\" src=\"https:\/\/ates.si\/wp-content\/uploads\/2023\/01\/IMG_20230109_120928-2-172x172.jpg\" class=\"attachment-team-small size-team-small wp-post-image\" alt=\"Aleksander Dovnik\" srcset=\"https:\/\/ates.si\/wp-content\/uploads\/2023\/01\/IMG_20230109_120928-2-172x172.jpg 172w, https:\/\/ates.si\/wp-content\/uploads\/2023\/01\/IMG_20230109_120928-2-300x300.jpg 300w, https:\/\/ates.si\/wp-content\/uploads\/2023\/01\/IMG_20230109_120928-2-1024x1024.jpg 1024w, https:\/\/ates.si\/wp-content\/uploads\/2023\/01\/IMG_20230109_120928-2-150x150.jpg 150w, https:\/\/ates.si\/wp-content\/uploads\/2023\/01\/IMG_20230109_120928-2-768x768.jpg 768w, https:\/\/ates.si\/wp-content\/uploads\/2023\/01\/IMG_20230109_120928-2-1536x1536.jpg 1536w, https:\/\/ates.si\/wp-content\/uploads\/2023\/01\/IMG_20230109_120928-2-60x60.jpg 60w, https:\/\/ates.si\/wp-content\/uploads\/2023\/01\/IMG_20230109_120928-2.jpg 2024w\" sizes=\"auto, (max-width: 172px) 100vw, 172px\" \/>\t\t<\/div>\n\t\t\n\t\t<h5><a href=\"https:\/\/ates.si\/en\/team\/aleksander-dovnik\/\">Aleksander Dovnik, Grad. El. Eng.<\/a><\/h5><span>Automation designer<\/span><br>\t\t\t\t\n\t\t\t\t\t<ul class=\"social-icons\">\n\t\t\t\t\t\t\t<\/ul>\t\n\t\t\t\t\n\t<\/div><!--end of team member-->\n<\/div>\n<div class=\"col-sm-4 col-md-3\">\n\t<div class=\"team-1-member\">\n\t\t\n\t\t<div class=\"ebor-team-1-image\">\n\t\t\t<img loading=\"lazy\" decoding=\"async\" width=\"172\" height=\"172\" src=\"https:\/\/ates.si\/wp-content\/uploads\/2014\/09\/team-large-1-172x172.jpg\" class=\"attachment-team-small size-team-small wp-post-image\" alt=\"\" srcset=\"https:\/\/ates.si\/wp-content\/uploads\/2014\/09\/team-large-1-172x172.jpg 172w, https:\/\/ates.si\/wp-content\/uploads\/2014\/09\/team-large-1-150x150.jpg 150w, https:\/\/ates.si\/wp-content\/uploads\/2014\/09\/team-large-1-300x300.jpg 300w, https:\/\/ates.si\/wp-content\/uploads\/2014\/09\/team-large-1-60x60.jpg 60w, https:\/\/ates.si\/wp-content\/uploads\/2014\/09\/team-large-1.jpg 395w\" sizes=\"auto, (max-width: 172px) 100vw, 172px\" \/>\t\t<\/div>\n\t\t\n\t\t<h5><a href=\"https:\/\/ates.si\/en\/team\/danijel-pepelnik-dipl-ing-el\/\">Danijel Pepelnik, dipl. ing. el.<\/a><\/h5>\t\t\t\t\n\t\t\t\t\t<ul class=\"social-icons\">\n\t\t\t\t\t\t\t<\/ul>\t\n\t\t\t\t\n\t<\/div><!--end of team member-->\n<\/div>\n<div class=\"col-sm-4 col-md-3\">\n\t<div class=\"team-1-member\">\n\t\t\n\t\t<div class=\"ebor-team-1-image\">\n\t\t\t<img loading=\"lazy\" decoding=\"async\" width=\"172\" height=\"172\" src=\"https:\/\/ates.si\/wp-content\/uploads\/2015\/08\/DSC_0847-172x172.jpg\" class=\"attachment-team-small size-team-small wp-post-image\" alt=\"\" srcset=\"https:\/\/ates.si\/wp-content\/uploads\/2015\/08\/DSC_0847-172x172.jpg 172w, https:\/\/ates.si\/wp-content\/uploads\/2015\/08\/DSC_0847-300x300.jpg 300w, https:\/\/ates.si\/wp-content\/uploads\/2015\/08\/DSC_0847-1024x1024.jpg 1024w, https:\/\/ates.si\/wp-content\/uploads\/2015\/08\/DSC_0847-150x150.jpg 150w, https:\/\/ates.si\/wp-content\/uploads\/2015\/08\/DSC_0847-768x768.jpg 768w, https:\/\/ates.si\/wp-content\/uploads\/2015\/08\/DSC_0847-1536x1536.jpg 1536w, https:\/\/ates.si\/wp-content\/uploads\/2015\/08\/DSC_0847-60x60.jpg 60w, https:\/\/ates.si\/wp-content\/uploads\/2015\/08\/DSC_0847.jpg 2024w\" sizes=\"auto, (max-width: 172px) 100vw, 172px\" \/>\t\t<\/div>\n\t\t\n\t\t<h5><a href=\"https:\/\/ates.si\/en\/team\/andraz-golcer-d-i-e\/\">Andra\u017e Gol\u010der, Grad. El. Eng.<\/a><\/h5><span>Automation designer<\/span><br>\t\t\t\t\n\t\t\t\t\t<ul class=\"social-icons\">\n\t\t\t\t<li><a href=\"https:\/\/www.linkedin.com\/in\/andraz-golcer-64566b227?lipi=urn%3Ali%3Apage%3Ad_flagship3_profile_view_base_contact_details%3B5Y502L8%2BSDCQkUzQ0eLmXg%3D%3D\" target=\"_blank\"><i class=\"icon social_linkedin_circle\"><\/i><\/a><\/li>\t\t\t<\/ul>\t\n\t\t\t\t\n\t<\/div><!--end of team member-->\n<\/div>\n<div class=\"col-sm-4 col-md-3\">\n\t<div class=\"team-1-member\">\n\t\t\n\t\t<div class=\"ebor-team-1-image\">\n\t\t\t<img loading=\"lazy\" decoding=\"async\" width=\"172\" height=\"172\" src=\"https:\/\/ates.si\/wp-content\/uploads\/2014\/09\/team-large-3-172x172.jpg\" class=\"attachment-team-small size-team-small wp-post-image\" alt=\"\" srcset=\"https:\/\/ates.si\/wp-content\/uploads\/2014\/09\/team-large-3-172x172.jpg 172w, https:\/\/ates.si\/wp-content\/uploads\/2014\/09\/team-large-3-150x150.jpg 150w, https:\/\/ates.si\/wp-content\/uploads\/2014\/09\/team-large-3-300x300.jpg 300w, https:\/\/ates.si\/wp-content\/uploads\/2014\/09\/team-large-3-60x60.jpg 60w, https:\/\/ates.si\/wp-content\/uploads\/2014\/09\/team-large-3.jpg 395w\" sizes=\"auto, (max-width: 172px) 100vw, 172px\" \/>\t\t<\/div>\n\t\t\n\t\t<h5><a href=\"https:\/\/ates.si\/en\/team\/mojca-sabolic-mijovic-u-d-i-e-2\/\">Mojca Saboli\u010d Mijovi\u010d, u.d.i.e.<\/a><\/h5><span>Automation designer<\/span><br>\t\t\t\t\n\t\t\t\t\t<ul class=\"social-icons\">\n\t\t\t\t\t\t\t<\/ul>\t\n\t\t\t\t\n\t<\/div><!--end of team member-->\n<\/div><div class=\"clearfix\"><\/div>\n<div class=\"col-sm-4 col-md-3\">\n\t<div class=\"team-1-member\">\n\t\t\n\t\t<div class=\"ebor-team-1-image\">\n\t\t\t<img loading=\"lazy\" decoding=\"async\" width=\"172\" height=\"172\" src=\"https:\/\/ates.si\/wp-content\/uploads\/2014\/09\/team-large-2-172x172.jpg\" class=\"attachment-team-small size-team-small wp-post-image\" alt=\"\" srcset=\"https:\/\/ates.si\/wp-content\/uploads\/2014\/09\/team-large-2-172x172.jpg 172w, https:\/\/ates.si\/wp-content\/uploads\/2014\/09\/team-large-2-150x150.jpg 150w, https:\/\/ates.si\/wp-content\/uploads\/2014\/09\/team-large-2-300x300.jpg 300w, https:\/\/ates.si\/wp-content\/uploads\/2014\/09\/team-large-2-60x60.jpg 60w, https:\/\/ates.si\/wp-content\/uploads\/2014\/09\/team-large-2.jpg 395w\" sizes=\"auto, (max-width: 172px) 100vw, 172px\" \/>\t\t<\/div>\n\t\t\n\t\t<h5><a href=\"https:\/\/ates.si\/en\/team\/aljaz-medved-ing-meh\/\">Alja\u017e Medved, ing. meh.<\/a><\/h5><span>Projektant avtomatik<\/span><br>\t\t\t\t\n\t\t\t\t\t<ul class=\"social-icons\">\n\t\t\t\t<li><a href=\"http:\/\/linkedin.com\/in\/alja\u017e-medved-9498a4231\" target=\"_blank\"><i class=\"icon social_linkedin_square\"><\/i><\/a><\/li>\t\t\t<\/ul>\t\n\t\t\t\t\n\t<\/div><!--end of team member-->\n<\/div>\n<div class=\"col-sm-4 col-md-3\">\n\t<div class=\"team-1-member\">\n\t\t\n\t\t<div class=\"ebor-team-1-image\">\n\t\t\t<img loading=\"lazy\" decoding=\"async\" width=\"172\" height=\"172\" src=\"https:\/\/ates.si\/wp-content\/uploads\/2014\/09\/team-large-2-172x172.jpg\" class=\"attachment-team-small size-team-small wp-post-image\" alt=\"\" srcset=\"https:\/\/ates.si\/wp-content\/uploads\/2014\/09\/team-large-2-172x172.jpg 172w, https:\/\/ates.si\/wp-content\/uploads\/2014\/09\/team-large-2-150x150.jpg 150w, https:\/\/ates.si\/wp-content\/uploads\/2014\/09\/team-large-2-300x300.jpg 300w, https:\/\/ates.si\/wp-content\/uploads\/2014\/09\/team-large-2-60x60.jpg 60w, https:\/\/ates.si\/wp-content\/uploads\/2014\/09\/team-large-2.jpg 395w\" sizes=\"auto, (max-width: 172px) 100vw, 172px\" \/>\t\t<\/div>\n\t\t\n\t\t<h5><a href=\"https:\/\/ates.si\/en\/team\/aljaz-marcic-univ-dipl-rac-in-inf\/\">Alja\u017e Mar\u010di\u010d univ. dipl. ra\u010d. in inf.<\/a><\/h5><span>Automation designer<\/span><br>\t\t\t\t\n\t\t\t\t\t<ul class=\"social-icons\">\n\t\t\t\t\t\t\t<\/ul>\t\n\t\t\t\t\n\t<\/div><!--end of team member-->\n<\/div>\n<div class=\"col-sm-4 col-md-3\">\n\t<div class=\"team-1-member\">\n\t\t\n\t\t<div class=\"ebor-team-1-image\">\n\t\t\t<img loading=\"lazy\" decoding=\"async\" width=\"172\" height=\"172\" src=\"https:\/\/ates.si\/wp-content\/uploads\/2014\/09\/team-large-2-172x172.jpg\" class=\"attachment-team-small size-team-small wp-post-image\" alt=\"\" srcset=\"https:\/\/ates.si\/wp-content\/uploads\/2014\/09\/team-large-2-172x172.jpg 172w, https:\/\/ates.si\/wp-content\/uploads\/2014\/09\/team-large-2-150x150.jpg 150w, https:\/\/ates.si\/wp-content\/uploads\/2014\/09\/team-large-2-300x300.jpg 300w, https:\/\/ates.si\/wp-content\/uploads\/2014\/09\/team-large-2-60x60.jpg 60w, https:\/\/ates.si\/wp-content\/uploads\/2014\/09\/team-large-2.jpg 395w\" sizes=\"auto, (max-width: 172px) 100vw, 172px\" \/>\t\t<\/div>\n\t\t\n\t\t<h5><a href=\"https:\/\/ates.si\/en\/team\/jure-ugersek\/\">Jure Uger\u0161ek, ing. meh.<\/a><\/h5><span>Automation designer<\/span><br>\t\t\t\t\n\t\t\t\t\t<ul class=\"social-icons\">\n\t\t\t\t\t\t\t<\/ul>\t\n\t\t\t\t\n\t<\/div><!--end of team member-->\n<\/div>            <\/div>\n\n                \n[\/vc_column][vc_column][vc_text_separator title=&#8221;Sales \/ Purchasing&#8221;]    \n    \n            \n        <div class=\"team-1\">\n                \n<div class=\"col-sm-4 col-md-3\">\n\t<div class=\"team-1-member\">\n\t\t\n\t\t<div class=\"ebor-team-1-image\">\n\t\t\t<img loading=\"lazy\" decoding=\"async\" width=\"172\" height=\"172\" src=\"https:\/\/ates.si\/wp-content\/uploads\/2015\/05\/m-172x172.png\" class=\"attachment-team-small size-team-small wp-post-image\" alt=\"\" srcset=\"https:\/\/ates.si\/wp-content\/uploads\/2015\/05\/m-172x172.png 172w, https:\/\/ates.si\/wp-content\/uploads\/2015\/05\/m-150x150.png 150w, https:\/\/ates.si\/wp-content\/uploads\/2015\/05\/m-60x60.png 60w\" sizes=\"auto, (max-width: 172px) 100vw, 172px\" \/>\t\t<\/div>\n\t\t\n\t\t<h5><a href=\"https:\/\/ates.si\/en\/team\/matej-kranjcic-dip-ing-el\/\">Matej Krajn\u010di\u010d, dipl. ing. el.<\/a><\/h5><span>Prodajni in\u017eenir<\/span><br>\t\t\t\t\n\t\t\t\t\t<ul class=\"social-icons\">\n\t\t\t\t<li><a href=\"https:\/\/www.linkedin.com\/in\/matej-krajn%C4%8Di%C4%8D-069a0265?lipi=urn%3Ali%3Apage%3Ad_flagship3_profile_view_base_contact_details%3BImZ5ZqtaQjyjroeuIQTlqw%3D%3D\" target=\"_blank\"><i class=\"icon social_linkedin_square\"><\/i><\/a><\/li>\t\t\t<\/ul>\t\n\t\t\t\t\n\t<\/div><!--end of team member-->\n<\/div>            <\/div>\n\n                \n[\/vc_column][vc_column][vc_text_separator title=&#8221;Secretary&#8221;]    \n    \n            \n        <div class=\"team-1\">\n                \n<div class=\"col-sm-4 col-md-3\">\n\t<div class=\"team-1-member\">\n\t\t\n\t\t<div class=\"ebor-team-1-image\">\n\t\t\t<img loading=\"lazy\" decoding=\"async\" width=\"172\" height=\"172\" src=\"https:\/\/ates.si\/wp-content\/uploads\/2014\/09\/team-large-2-172x172.jpg\" class=\"attachment-team-small size-team-small wp-post-image\" alt=\"\" srcset=\"https:\/\/ates.si\/wp-content\/uploads\/2014\/09\/team-large-2-172x172.jpg 172w, https:\/\/ates.si\/wp-content\/uploads\/2014\/09\/team-large-2-150x150.jpg 150w, https:\/\/ates.si\/wp-content\/uploads\/2014\/09\/team-large-2-300x300.jpg 300w, https:\/\/ates.si\/wp-content\/uploads\/2014\/09\/team-large-2-60x60.jpg 60w, https:\/\/ates.si\/wp-content\/uploads\/2014\/09\/team-large-2.jpg 395w\" sizes=\"auto, (max-width: 172px) 100vw, 172px\" \/>\t\t<\/div>\n\t\t\n\t\t<h5><a href=\"https:\/\/ates.si\/en\/team\/simona-sobotic-oec\/\">Simona Soboti\u010d, oec<\/a><\/h5><span>Secretary and accountant<\/span><br>\t\t\t\t\n\t\t\t\t\t<ul class=\"social-icons\">\n\t\t\t\t\t\t\t<\/ul>\t\n\t\t\t\t\n\t<\/div><!--end of team member-->\n<\/div>            <\/div>\n\n                \n[\/vc_column][vc_column][vc_text_separator title=&#8221;Electro workshop&#8221;]    \n    \n            \n        <div class=\"team-1\">\n                \n<div class=\"col-sm-4 col-md-3\">\n\t<div class=\"team-1-member\">\n\t\t\n\t\t<div class=\"ebor-team-1-image\">\n\t\t\t<img loading=\"lazy\" decoding=\"async\" width=\"172\" height=\"172\" src=\"https:\/\/ates.si\/wp-content\/uploads\/2014\/09\/team-large-2-172x172.jpg\" class=\"attachment-team-small size-team-small wp-post-image\" alt=\"\" srcset=\"https:\/\/ates.si\/wp-content\/uploads\/2014\/09\/team-large-2-172x172.jpg 172w, https:\/\/ates.si\/wp-content\/uploads\/2014\/09\/team-large-2-150x150.jpg 150w, https:\/\/ates.si\/wp-content\/uploads\/2014\/09\/team-large-2-300x300.jpg 300w, https:\/\/ates.si\/wp-content\/uploads\/2014\/09\/team-large-2-60x60.jpg 60w, https:\/\/ates.si\/wp-content\/uploads\/2014\/09\/team-large-2.jpg 395w\" sizes=\"auto, (max-width: 172px) 100vw, 172px\" \/>\t\t<\/div>\n\t\t\n\t\t<h5><a href=\"https:\/\/ates.si\/en\/team\/matjaz-arzensek-2\/\">Matja\u017e Arzen\u0161ek<\/a><\/h5><span>Electronics electrician<\/span><br>\t\t\t\t\n\t\t\t\t\t<ul class=\"social-icons\">\n\t\t\t\t\t\t\t<\/ul>\t\n\t\t\t\t\n\t<\/div><!--end of team member-->\n<\/div>\n<div class=\"col-sm-4 col-md-3\">\n\t<div class=\"team-1-member\">\n\t\t\n\t\t<div class=\"ebor-team-1-image\">\n\t\t\t<img loading=\"lazy\" decoding=\"async\" width=\"172\" height=\"172\" src=\"https:\/\/ates.si\/wp-content\/uploads\/2014\/09\/team-large-2-172x172.jpg\" class=\"attachment-team-small size-team-small wp-post-image\" alt=\"\" srcset=\"https:\/\/ates.si\/wp-content\/uploads\/2014\/09\/team-large-2-172x172.jpg 172w, https:\/\/ates.si\/wp-content\/uploads\/2014\/09\/team-large-2-150x150.jpg 150w, https:\/\/ates.si\/wp-content\/uploads\/2014\/09\/team-large-2-300x300.jpg 300w, https:\/\/ates.si\/wp-content\/uploads\/2014\/09\/team-large-2-60x60.jpg 60w, https:\/\/ates.si\/wp-content\/uploads\/2014\/09\/team-large-2.jpg 395w\" sizes=\"auto, (max-width: 172px) 100vw, 172px\" \/>\t\t<\/div>\n\t\t\n\t\t<h5><a href=\"https:\/\/ates.si\/en\/team\/ales-pinter-2\/\">Ale\u0161 Pinter<\/a><\/h5><span>Electronics electrician<\/span><br>\t\t\t\t\n\t\t\t\t\t<ul class=\"social-icons\">\n\t\t\t\t\t\t\t<\/ul>\t\n\t\t\t\t\n\t<\/div><!--end of team member-->\n<\/div>            <\/div>\n\n                \n[\/vc_column][\/vc_row][vc_row][vc_column][vc_column_text] [\/vc_column_text][\/vc_column][\/vc_row]<\/p>\n<\/div>","protected":false},"excerpt":{"rendered":"<p>[vc_row][vc_column][vc_text_separator title=&#8221;Management&#8221;][\/vc_column][vc_column][vc_text_separator title=&#8221;Design&#8221;][\/vc_column][vc_column][vc_text_separator title=&#8221;Sales \/ Purchasing&#8221;][\/vc_column][vc_column][vc_text_separator title=&#8221;Secretary&#8221;][\/vc_column][vc_column][vc_text_separator title=&#8221;Electro workshop&#8221;][\/vc_column][\/vc_row][vc_row][vc_column][vc_column_text] [\/vc_column_text][\/vc_column][\/vc_row]<\/p>\n","protected":false},"author":1,"featured_media":0,"parent":0,"menu_order":0,"comment_status":"open","ping_status":"open","template":"page_page_builder_full_width.php","meta":{"footnotes":""},"class_list":["post-2174","page","type-page","status-publish","hentry"],"yoast_head":"<!-- This site is optimized with the Yoast SEO plugin v27.2 - https:\/\/yoast.com\/product\/yoast-seo-wordpress\/ -->\n<title>Employees - ATES d.o.o.<\/title>\n<meta name=\"description\" content=\"Zaposleni v podjetju ATES d.o.o.\" \/>\n<meta name=\"robots\" content=\"index, follow, max-snippet:-1, max-image-preview:large, max-video-preview:-1\" \/>\n<link rel=\"canonical\" href=\"http:\/\/ates.si\/en\/employees\/\" \/>\n<meta property=\"og:locale\" content=\"en_US\" \/>\n<meta property=\"og:type\" content=\"article\" \/>\n<meta property=\"og:title\" content=\"Employees - ATES d.o.o.\" \/>\n<meta property=\"og:description\" content=\"Zaposleni v podjetju ATES d.o.o.\" \/>\n<meta property=\"og:url\" content=\"http:\/\/ates.si\/en\/employees\/\" \/>\n<meta property=\"og:site_name\" content=\"ATES d.o.o.\" \/>\n<meta property=\"article:modified_time\" content=\"2016-06-23T09:14:59+00:00\" \/>\n<meta name=\"twitter:card\" content=\"summary_large_image\" \/>\n<meta name=\"twitter:label1\" content=\"Est. reading time\" \/>\n\t<meta name=\"twitter:data1\" content=\"1 minute\" \/>\n<script type=\"application\/ld+json\" class=\"yoast-schema-graph\">{\"@context\":\"https:\/\/schema.org\",\"@graph\":[{\"@type\":\"WebPage\",\"@id\":\"http:\/\/ates.si\/en\/employees\/\",\"url\":\"http:\/\/ates.si\/en\/employees\/\",\"name\":\"Employees - ATES d.o.o.\",\"isPartOf\":{\"@id\":\"https:\/\/ates.si\/en\/#website\"},\"datePublished\":\"2015-05-19T20:53:19+00:00\",\"dateModified\":\"2016-06-23T09:14:59+00:00\",\"description\":\"Zaposleni v podjetju ATES d.o.o.\",\"breadcrumb\":{\"@id\":\"http:\/\/ates.si\/en\/employees\/#breadcrumb\"},\"inLanguage\":\"en-US\",\"potentialAction\":[{\"@type\":\"ReadAction\",\"target\":[\"http:\/\/ates.si\/en\/employees\/\"]}]},{\"@type\":\"BreadcrumbList\",\"@id\":\"http:\/\/ates.si\/en\/employees\/#breadcrumb\",\"itemListElement\":[{\"@type\":\"ListItem\",\"position\":1,\"name\":\"Home\",\"item\":\"https:\/\/ates.si\/en\/\"},{\"@type\":\"ListItem\",\"position\":2,\"name\":\"Employees\"}]},{\"@type\":\"WebSite\",\"@id\":\"https:\/\/ates.si\/en\/#website\",\"url\":\"https:\/\/ates.si\/en\/\",\"name\":\"ATES d.o.o.\",\"description\":\"Industrijska Avtomatizacija\",\"publisher\":{\"@id\":\"https:\/\/ates.si\/en\/#organization\"},\"potentialAction\":[{\"@type\":\"SearchAction\",\"target\":{\"@type\":\"EntryPoint\",\"urlTemplate\":\"https:\/\/ates.si\/en\/?s={search_term_string}\"},\"query-input\":{\"@type\":\"PropertyValueSpecification\",\"valueRequired\":true,\"valueName\":\"search_term_string\"}}],\"inLanguage\":\"en-US\"},{\"@type\":\"Organization\",\"@id\":\"https:\/\/ates.si\/en\/#organization\",\"name\":\"Ates d.o.o.\",\"url\":\"https:\/\/ates.si\/en\/\",\"logo\":{\"@type\":\"ImageObject\",\"inLanguage\":\"en-US\",\"@id\":\"https:\/\/ates.si\/en\/#\/schema\/logo\/image\/\",\"url\":\"https:\/\/ates.si\/wp-content\/uploads\/2015\/05\/ates-industrijska-avtomatizacija.png\",\"contentUrl\":\"https:\/\/ates.si\/wp-content\/uploads\/2015\/05\/ates-industrijska-avtomatizacija.png\",\"width\":600,\"height\":169,\"caption\":\"Ates d.o.o.\"},\"image\":{\"@id\":\"https:\/\/ates.si\/en\/#\/schema\/logo\/image\/\"}}]}<\/script>\n<!-- \/ Yoast SEO plugin. -->","yoast_head_json":{"title":"Employees - ATES d.o.o.","description":"Zaposleni v podjetju ATES d.o.o.","robots":{"index":"index","follow":"follow","max-snippet":"max-snippet:-1","max-image-preview":"max-image-preview:large","max-video-preview":"max-video-preview:-1"},"canonical":"http:\/\/ates.si\/en\/employees\/","og_locale":"en_US","og_type":"article","og_title":"Employees - ATES d.o.o.","og_description":"Zaposleni v podjetju ATES d.o.o.","og_url":"http:\/\/ates.si\/en\/employees\/","og_site_name":"ATES d.o.o.","article_modified_time":"2016-06-23T09:14:59+00:00","twitter_card":"summary_large_image","twitter_misc":{"Est. reading time":"1 minute"},"schema":{"@context":"https:\/\/schema.org","@graph":[{"@type":"WebPage","@id":"http:\/\/ates.si\/en\/employees\/","url":"http:\/\/ates.si\/en\/employees\/","name":"Employees - ATES d.o.o.","isPartOf":{"@id":"https:\/\/ates.si\/en\/#website"},"datePublished":"2015-05-19T20:53:19+00:00","dateModified":"2016-06-23T09:14:59+00:00","description":"Zaposleni v podjetju ATES d.o.o.","breadcrumb":{"@id":"http:\/\/ates.si\/en\/employees\/#breadcrumb"},"inLanguage":"en-US","potentialAction":[{"@type":"ReadAction","target":["http:\/\/ates.si\/en\/employees\/"]}]},{"@type":"BreadcrumbList","@id":"http:\/\/ates.si\/en\/employees\/#breadcrumb","itemListElement":[{"@type":"ListItem","position":1,"name":"Home","item":"https:\/\/ates.si\/en\/"},{"@type":"ListItem","position":2,"name":"Employees"}]},{"@type":"WebSite","@id":"https:\/\/ates.si\/en\/#website","url":"https:\/\/ates.si\/en\/","name":"ATES d.o.o.","description":"Industrijska Avtomatizacija","publisher":{"@id":"https:\/\/ates.si\/en\/#organization"},"potentialAction":[{"@type":"SearchAction","target":{"@type":"EntryPoint","urlTemplate":"https:\/\/ates.si\/en\/?s={search_term_string}"},"query-input":{"@type":"PropertyValueSpecification","valueRequired":true,"valueName":"search_term_string"}}],"inLanguage":"en-US"},{"@type":"Organization","@id":"https:\/\/ates.si\/en\/#organization","name":"Ates d.o.o.","url":"https:\/\/ates.si\/en\/","logo":{"@type":"ImageObject","inLanguage":"en-US","@id":"https:\/\/ates.si\/en\/#\/schema\/logo\/image\/","url":"https:\/\/ates.si\/wp-content\/uploads\/2015\/05\/ates-industrijska-avtomatizacija.png","contentUrl":"https:\/\/ates.si\/wp-content\/uploads\/2015\/05\/ates-industrijska-avtomatizacija.png","width":600,"height":169,"caption":"Ates d.o.o."},"image":{"@id":"https:\/\/ates.si\/en\/#\/schema\/logo\/image\/"}}]}},"_links":{"self":[{"href":"https:\/\/ates.si\/en\/wp-json\/wp\/v2\/pages\/2174\/"}],"collection":[{"href":"https:\/\/ates.si\/en\/wp-json\/wp\/v2\/pages\/"}],"about":[{"href":"https:\/\/ates.si\/en\/wp-json\/wp\/v2\/types\/page\/"}],"author":[{"embeddable":true,"href":"https:\/\/ates.si\/en\/wp-json\/wp\/v2\/users\/1\/"}],"replies":[{"embeddable":true,"href":"https:\/\/ates.si\/en\/wp-json\/wp\/v2\/comments\/?post=2174"}],"version-history":[{"count":0,"href":"https:\/\/ates.si\/en\/wp-json\/wp\/v2\/pages\/2174\/revisions\/"}],"wp:attachment":[{"href":"https:\/\/ates.si\/en\/wp-json\/wp\/v2\/media\/?parent=2174"}],"curies":[{"name":"wp","href":"https:\/\/api.w.org\/{rel}","templated":true}]}}